{"id":8,"date":"2023-02-11T12:50:00","date_gmt":"2023-02-11T12:50:00","guid":{"rendered":"https:\/\/rheconcept.com\/?page_id=8"},"modified":"2024-07-11T10:53:58","modified_gmt":"2024-07-11T10:53:58","slug":"services-activite","status":"publish","type":"page","link":"https:\/\/rheconcept.com\/?page_id=8","title":{"rendered":"Services"},"content":{"rendered":"\n<p class=\"has-white-color has-vivid-purple-background-color has-text-color has-background has-medium-font-size\">Pour \u00e9tablir une bonne relation commerciale, nous devons p\u00e9ciser son cadre. Dans ce qui suit, nous nous efforcerons d&#8217;exposer les avantages et les limites des services offerts. <\/p>\n\n\n\n<h2 class=\"wp-block-heading has-black-color has-white-background-color has-text-color has-background has-medium-font-size\" id=\"h-qui-sommes-nous\" style=\"font-style:normal;font-weight:400\"><strong>Qui sommes nous?<\/strong><\/h2>\n\n\n\n<p class=\"has-white-color has-vivid-purple-background-color has-text-color has-background has-link-color has-medium-font-size wp-elements-dd0e39072481bda283ede78c180fec49\">Nous sommes Concept RHE Spain. Nos services existent depuis 2000 en France et d\u00e8s 2010 en Espagne. Ainsi nous profitons, actuellement d&#8217;un meilleur ensoleillement tout en nous raprochons de nos clients Africains. Pour nous connaitre d&#8217;avantage, vous pouvez d\u00e9couvrir plus sur nos deux site webs: <a href=\"https:\/\/www.rheconcept.com\">https:\/\/www.rheconcept.com<\/a> et<a href=\" https:\/\/www.rheconcept.net\"> https:\/\/www.rheconcept.net<\/a>. L&#8217;un traite exclusivement du solaire et l&#8217;autre est pour le solaire et l&#8217;industriel.<\/p>\n\n\n\n<h2 class=\"wp-block-heading has-black-color has-white-background-color has-text-color has-background has-medium-font-size\" id=\"h-nos-services\" style=\"font-style:normal;font-weight:500\"><strong>Nos services?<\/strong><\/h2>\n\n\n\n<p class=\"has-white-color has-vivid-purple-background-color has-text-color has-background has-medium-font-size\">Nous sommes concepteurs et fabricants de technologie solaire et industrielle. Nous proposons des fermes solaires, des pompes solaires, des g\u00e9n\u00e9rateurs d&#8217;\u00e9lectricit\u00e9 solaire et des kits solaires. Nous ne sommes ni d\u00e9taillant, ni grossiste. Par cons\u00e9quent nous ne faisons aucun stock car nous travaillons \u00e0 flux tendu pour assurer les meilleurs co\u00fbts et amortissements de nos \u00e9quipements. N\u00e9anmoins et \u00e0 titre exceptionnel, nous pourrons vous d\u00e9panner sur de faibles quantit\u00e9s si et seulement si le produit recherch\u00e9 est en cours ou planifi\u00e9 en fabrication.<\/p>\n\n\n\n<h2 class=\"wp-block-heading has-black-color has-white-background-color has-text-color has-background has-medium-font-size\" id=\"h-methode-de-payement-de-nos-services\" style=\"font-style:normal;font-weight:500\"><strong>M\u00e9thode de payement de nos services:<\/strong><\/h2>\n\n\n\n<p class=\"has-white-color has-vivid-purple-background-color has-text-color has-background has-medium-font-size\">Nous avons une grande pr\u00e9f\u00e9rence pour la lettre de cr\u00e9dit ferme et irr\u00e9vocable. Parceque ce moyen constitue une garantie pour les deux parties. En qualit\u00e9 de clients, votre investissement est prot\u00e8g\u00e8 jusqu&#8217;\u00e0 la livraison des \u00e9quipements command\u00e9s. De notre c\u00f4t\u00e9 nous sommes rassur\u00e9s sur la cr\u00e9dibilit\u00e9 de nos clients. Si le d\u00e9lai d&#8217;\u00e9xecution de nos services est sup\u00e9rieur \u00e0 la date de validit\u00e9 de la lettre de cr\u00e9dit, nous conseillons de la partionner. \u00c0 titre exceptionnel et suite \u00e0 la demande de clients, nous pouvons analyser la possibilit\u00e9 de trouver un autre moyen de payement avec nos banques ou nos Partenaires financiers.<\/p>\n\n\n\n<p class=\"has-black-color has-white-background-color has-text-color has-background has-medium-font-size\"><strong>Moyens de communication:<\/strong><\/p>\n\n\n\n<h2 class=\"wp-block-heading has-white-color has-vivid-purple-background-color has-text-color has-background has-medium-font-size\" id=\"h-autres-que-les-moyens-habituels-nous-proposons-des-conferences-video-en-live-sur-nos-services-c-est-efficace-rapide-et-ne-coute-rien-ce-moyen-d-echange-est-tres-securise-et-tout-se-passe-comme-si-vous-etiez-pres-de-nous-a-cet-effet-vous-pouvez-laisser-un-message-sur-le-formulaire-de-contact-du-site-web-pour-fixer-un-rendez-vous-par-consequent-pourquoi-s-en-priver-pour-decouvrir-nos-services\" style=\"font-style:normal;font-weight:400\">Autres que les moyens habituels, nous proposons des conf\u00e9rences vid\u00e9o en live sur nos services. C&#8217;est efficace, rapide et ne co\u00fbte rien. Ce moyen d&#8217;\u00e9change est tr\u00e8s s\u00e9curis\u00e9 et tout se passe comme si vous \u00eatiez pr\u00e8s de nous. \u00c0 cet effet, vous pouvez laisser un message sur le formulaire de contact du site web pour fixer un rendez-vous. Par cons\u00e9quent pourquoi s&#8217;en priver pour d\u00e9couvrir nos services ?<\/h2>\n\n\n\n<h2 class=\"wp-block-heading has-black-color has-white-background-color has-text-color has-background has-medium-font-size\" id=\"h-audit\" style=\"font-style:normal;font-weight:500\"><strong>Audit :<\/strong><\/h2>\n\n\n\n<p class=\"has-white-color has-vivid-purple-background-color has-text-color has-background has-medium-font-size\">Pour nous auditer, il faut nous pr\u00e9ciser les services que vous attendez de nous. La meilleuer finalit\u00e9 pour nous tous est de v\u00e9rifier la conformit\u00e9 du mat\u00e9riel pr\u00e9par\u00e9 pour votre commande. Sinon un audit pour un audit ne rapporte rien aux deux parties. Avant de confirmer votre commande, les vid\u00e9o conf\u00e9rences nous permettent de comprendre vos attentes, de les analyser et de vous adresser une facture proforma. Dans l&#8217;attente vous pouvez lire plus sur notre chaine Youtube, nos articles sur LinkedIn. Merci pour votre confiance et au plaisir de vous revoir prochainement .<\/p>\n\n\n\n<div class=\"wp-block-buttons is-content-justification-center is-layout-flex wp-container-core-buttons-is-layout-16018d1d wp-block-buttons-is-layout-flex\">\n<div class=\"wp-block-button has-custom-width wp-block-button__width-50 has-custom-font-size has-medium-font-size\"><a class=\"wp-block-button__link has-white-color has-vivid-cyan-blue-background-color has-text-color has-background has-link-color wp-element-button\" href=\"https:\/\/youtu.be\/_omXoXEtyYk\" target=\"_blank\" rel=\"noreferrer noopener\">Vid\u00e9os<\/a><\/div>\n\n\n\n<div class=\"wp-block-button has-custom-width wp-block-button__width-50 has-custom-font-size has-medium-font-size\"><a class=\"wp-block-button__link has-white-color has-vivid-cyan-blue-background-color has-text-color has-background has-link-color wp-element-button\" href=\"https:\/\/rheconcept.com\/?page_id=8\" target=\"_blank\" rel=\"noreferrer noopener\">rafraichir<\/a><\/div>\n<\/div>\n\n\n\n<p><\/p>\n","protected":false},"excerpt":{"rendered":"<p>Pour \u00e9tablir une bonne relation commerciale, nous devons p\u00e9ciser son cadre. Dans ce qui suit, nous nous efforcerons d&#8217;exposer les avantages et les limites des services offerts. Qui sommes nous? Nous sommes Concept RHE Spain. Nos services existent depuis 2000&hellip;<a href=\"https:\/\/rheconcept.com\/?page_id=8\" class=\"more-link\"><span class=\"more-button\">Lisez plus<span class=\"screen-reader-text\">Services<\/span><\/span><\/a><\/p>\n","protected":false},"author":1,"featured_media":3856,"parent":0,"menu_order":0,"comment_status":"closed","ping_status":"closed","template":"","meta":{"footnotes":""},"class_list":["post-8","page","type-page","status-publish","has-post-thumbnail","hentry"],"aioseo_notices":[],"_links":{"self":[{"href":"https:\/\/rheconcept.com\/index.php?rest_route=\/wp\/v2\/pages\/8","targetHints":{"allow":["GET"]}}],"collection":[{"href":"https:\/\/rheconcept.com\/index.php?rest_route=\/wp\/v2\/pages"}],"about":[{"href":"https:\/\/rheconcept.com\/index.php?rest_route=\/wp\/v2\/types\/page"}],"author":[{"embeddable":true,"href":"https:\/\/rheconcept.com\/index.php?rest_route=\/wp\/v2\/users\/1"}],"replies":[{"embeddable":true,"href":"https:\/\/rheconcept.com\/index.php?rest_route=%2Fwp%2Fv2%2Fcomments&post=8"}],"version-history":[{"count":37,"href":"https:\/\/rheconcept.com\/index.php?rest_route=\/wp\/v2\/pages\/8\/revisions"}],"predecessor-version":[{"id":3812,"href":"https:\/\/rheconcept.com\/index.php?rest_route=\/wp\/v2\/pages\/8\/revisions\/3812"}],"wp:featuredmedia":[{"embeddable":true,"href":"https:\/\/rheconcept.com\/index.php?rest_route=\/wp\/v2\/media\/3856"}],"wp:attachment":[{"href":"https:\/\/rheconcept.com\/index.php?rest_route=%2Fwp%2Fv2%2Fmedia&parent=8"}],"curies":[{"name":"wp","href":"https:\/\/api.w.org\/{rel}","templated":true}]}}