{"id":7,"date":"2023-02-11T12:50:00","date_gmt":"2023-02-11T12:50:00","guid":{"rendered":"https:\/\/rheconcept.com\/?page_id=7"},"modified":"2024-07-11T10:59:31","modified_gmt":"2024-07-11T10:59:31","slug":"solaires","status":"publish","type":"page","link":"https:\/\/rheconcept.com\/?page_id=7","title":{"rendered":"Solaire"},"content":{"rendered":"\n<p class=\"has-white-color has-vivid-purple-background-color has-text-color has-background has-medium-font-size\">Les solutions solaires font parties des services offerts. Elles sont \u00e9galement visibles sur notre autre site web d\u00e9di\u00e9 exclusivement au solaire :https:\/\/<a href=\"https:\/\/rheconcept.net\" target=\"_blank\" rel=\"noreferrer noopener\"> www.rheconcept.net.<\/a> En dessous de cette page vous trouverez aussi un lien pour surfer sur ce site web. Merci de d\u00e9couvrir plus sur notre gamme de produits pour les \u00e9nergies renouvelables et industriels.<\/p>\n\n\n\n<p class=\"has-black-color has-white-background-color has-text-color has-background has-medium-font-size\"><strong>Gamme de produits en solutions solaires:<\/strong><\/p>\n\n\n\n<p class=\"has-white-color has-vivid-purple-background-color has-text-color has-background has-medium-font-size\">Notre gamme comprend les solutions solaires pour la production d&#8217;\u00e9lectricit\u00e9 et le pompage de l&#8217;eau. La production d&#8217;\u00e9lectricit\u00e9 en site raccord\u00e9 comprend les G\u00e9n\u00e9rateurs de 3kW et les G\u00e9n\u00e9rateurs de puissance sup\u00e9rieure.  Nous offrons la technologie traditionnelle et la Gen 5. Cette derni\u00e8re offre de bien meilleures performances. De plus vous n&#8217;avez pas besoin de nettoyage dispentieux en site pollu\u00e9. Merci de lire plus sur notre chaine Youtube dont le lien est bas de page.<\/p>\n\n\n\n<h2 class=\"wp-block-heading has-black-color has-white-background-color has-text-color has-background has-medium-font-size\" id=\"h-technologie-solaire\"><strong>Technologie solaire:<\/strong><\/h2>\n\n\n\n<p class=\"has-white-color has-vivid-purple-background-color has-text-color has-background has-medium-font-size\">Pour construire nos solutions solaires solaires, nous utilisons nos onduleurs et nos panneaux solaires. Nous achetons les pompes hydraul\u00efques et les accessoirs pour installation. Les particularit\u00e9s de nos solutions pour les \u00e9nergies renouvelables, sont la robustesse, l&#8217;\u00e9fficacit\u00e9 et la sensibilit\u00e9. Ces param\u00e8tres sont incontournables pour des consid\u00e9rations de retour d&#8217;investissement. Nos solutions sont toutes \u00e9quip\u00e9es de la Technologie RHE-MPPT au fil du soleil. Par cons\u00e9quent elles ont un bon rendement.<\/p>\n\n\n\n<p class=\"has-black-color has-white-background-color has-text-color has-background has-medium-font-size\"><strong>Retour d&#8217;investissement de solutions solaires:<\/strong><\/p>\n\n\n\n<p class=\"has-white-color has-vivid-purple-background-color has-text-color has-background has-medium-font-size\">Le solaire doit \u00eatre consid\u00e9r\u00e9 comme un investissement et non comme du consommable. Les performances li\u00e9es \u00e0 la technologie de base du solaire sont incontournables. M\u00eame en changeant les prix ou en utilisant quelconques ruses commerciales, la performance r\u00e9elle demeure le seule crit\u00e8re de caract\u00e9risation. Ainsi une bonne solution solaire est celle qui est amortissable dans un premier temps. Puis, comme elle est robuste, alors vous pourrez l&#8217;utiliser gratuitement apr\u00e8s.<\/p>\n\n\n\n<h2 class=\"wp-block-heading has-black-color has-white-background-color has-text-color has-background has-medium-font-size\" id=\"h-garantie-et-installation-de-solutions-solaires\" style=\"font-style:normal;font-weight:500\"><strong>Garantie et installation de solutions solaires:<\/strong><\/h2>\n\n\n\n<p class=\"has-white-color has-vivid-purple-background-color has-text-color has-background has-medium-font-size\">Nos solutions solaires sont livr\u00e9es test\u00e9es et pr\u00eates \u00e0 installation. La garantie prend effet d\u00e8s installation par un entrepreneur qualifi\u00e9. Nos distributeurs sont form\u00e9s pour installer nos solutions solaires. Nous pouvons aussi envoyer une \u00e9quipe sur place installer nos produits. Une bonne installation est un gage de performance et de qualit\u00e9. La garantie est de 20 ans pour les panneaux solaires, 5 ans pour les onduleurs et la garantie fournisseur pour les accessoires. Pour \u00e9viter toute surench\u00e8re, la garantie des panneaux solaires est de 20 ans \u00e0 performances inchang\u00e9es. C&#8217;est pour cette raison que nous ne faisons pas de surench\u00e8re \u00e0 40 ans avec 30% de performance en moins. Nous offrons \u00e9galement une option de garantie globale pour une solution compl\u00e8te.<\/p>\n\n\n\n<h2 class=\"wp-block-heading has-black-color has-white-background-color has-text-color has-background has-medium-font-size\" id=\"h-pour-nous-contacter\"><strong>Pour nous contacter:<\/strong><\/h2>\n\n\n\n<p class=\"has-white-color has-vivid-purple-background-color has-text-color has-background has-medium-font-size\">Vos projets en solutions solaires sont importants. Il faut bien choisir pour un meilleur amortissement et sauver notre climat qui est en s\u00e9rieux danger. Merci pour votre visite et esp\u00e9rons vous revoir bient\u00f4t.<\/p>\n\n\n\n<div class=\"wp-block-buttons is-content-justification-center is-layout-flex wp-container-core-buttons-is-layout-16018d1d wp-block-buttons-is-layout-flex\">\n<div class=\"wp-block-button has-custom-width wp-block-button__width-25 has-custom-font-size has-medium-font-size\"><a class=\"wp-block-button__link has-white-color has-vivid-cyan-blue-background-color has-text-color has-background has-link-color wp-element-button\" href=\"https:\/\/www.rheconcept.net\" target=\"_blank\" rel=\"noreferrer noopener\">second Web <\/a><\/div>\n\n\n\n<div class=\"wp-block-button has-custom-width wp-block-button__width-25 has-custom-font-size has-medium-font-size\"><a class=\"wp-block-button__link has-white-color has-vivid-cyan-blue-background-color has-text-color has-background has-link-color wp-element-button\" href=\"https:\/\/youtu.be\/k20_-csl5zM\" target=\"_blank\" rel=\"noreferrer noopener\">vid\u00e9os<\/a><\/div>\n\n\n\n<div class=\"wp-block-button has-custom-width wp-block-button__width-25 has-custom-font-size has-medium-font-size\"><a class=\"wp-block-button__link has-white-color has-vivid-cyan-blue-background-color has-text-color has-background has-link-color wp-element-button\" href=\"https:\/\/rheconcept.com\/?page_id=7\" target=\"_blank\" rel=\"noreferrer noopener\">rafraichir<\/a><\/div>\n<\/div>\n\n\n\n<p><\/p>\n\n\n\n<p><\/p>\n","protected":false},"excerpt":{"rendered":"<p>Les solutions solaires font parties des services offerts. Elles sont \u00e9galement visibles sur notre autre site web d\u00e9di\u00e9 exclusivement au solaire :https:\/\/ www.rheconcept.net. En dessous de cette page vous trouverez aussi un lien pour surfer sur ce site web. Merci&hellip;<a href=\"https:\/\/rheconcept.com\/?page_id=7\" class=\"more-link\"><span class=\"more-button\">Lisez plus<span class=\"screen-reader-text\">Solaire<\/span><\/span><\/a><\/p>\n","protected":false},"author":1,"featured_media":179,"parent":0,"menu_order":0,"comment_status":"closed","ping_status":"closed","template":"","meta":{"footnotes":""},"class_list":["post-7","page","type-page","status-publish","has-post-thumbnail","hentry"],"aioseo_notices":[],"_links":{"self":[{"href":"https:\/\/rheconcept.com\/index.php?rest_route=\/wp\/v2\/pages\/7","targetHints":{"allow":["GET"]}}],"collection":[{"href":"https:\/\/rheconcept.com\/index.php?rest_route=\/wp\/v2\/pages"}],"about":[{"href":"https:\/\/rheconcept.com\/index.php?rest_route=\/wp\/v2\/types\/page"}],"author":[{"embeddable":true,"href":"https:\/\/rheconcept.com\/index.php?rest_route=\/wp\/v2\/users\/1"}],"replies":[{"embeddable":true,"href":"https:\/\/rheconcept.com\/index.php?rest_route=%2Fwp%2Fv2%2Fcomments&post=7"}],"version-history":[{"count":27,"href":"https:\/\/rheconcept.com\/index.php?rest_route=\/wp\/v2\/pages\/7\/revisions"}],"predecessor-version":[{"id":3813,"href":"https:\/\/rheconcept.com\/index.php?rest_route=\/wp\/v2\/pages\/7\/revisions\/3813"}],"wp:featuredmedia":[{"embeddable":true,"href":"https:\/\/rheconcept.com\/index.php?rest_route=\/wp\/v2\/media\/179"}],"wp:attachment":[{"href":"https:\/\/rheconcept.com\/index.php?rest_route=%2Fwp%2Fv2%2Fmedia&parent=7"}],"curies":[{"name":"wp","href":"https:\/\/api.w.org\/{rel}","templated":true}]}}