{"id":3707,"date":"2024-06-24T12:47:02","date_gmt":"2024-06-24T12:47:02","guid":{"rendered":"https:\/\/rheconcept.com\/?page_id=3707"},"modified":"2024-07-10T18:47:45","modified_gmt":"2024-07-10T18:47:45","slug":"home-2-energie","status":"publish","type":"page","link":"https:\/\/rheconcept.com\/","title":{"rendered":"Home"},"content":{"rendered":"\n<h2 class=\"wp-block-heading has-black-color has-text-color has-link-color has-medium-font-size wp-elements-6c45744bd1f679d66ed676ce3547c5c8\" id=\"h-quelle-est-notre-participation-en-energie-renouvelable\"><strong>Quelle est notre participation en \u00e9nergie renouvelable?<\/strong><\/h2>\n\n\n\n<p class=\"has-white-color has-vivid-cyan-blue-background-color has-text-color has-background has-link-color has-medium-font-size wp-elements-1d85899834afee78807e0991a4d14650\">L&#8217;\u00e9nergie et l&#8217;eau sont prioritaires ! Nous concept RHE spain, offrons des solutions efficaces depuis 2000. Ceux sont des solutions solaires de notre marque. Les solutions propos\u00e9es sont \u00e0 100% d&#8217;origine Europ\u00e9enne. Nos \u00e9quipements sont test\u00e9s avant exp\u00e9dition sur site.<\/p>\n\n\n\n<h2 class=\"wp-block-heading has-black-color has-white-background-color has-text-color has-background has-link-color has-medium-font-size wp-elements-6efe8d2109cf7f2c563192930c6a2449\" id=\"h-que-proposons-nous-en-solaire\"><strong>Que proposons-nous en solaire?<\/strong><\/h2>\n\n\n\n<p class=\"has-white-color has-vivid-cyan-blue-background-color has-text-color has-background has-link-color has-medium-font-size wp-elements-1dcc9b18bc81b3b6076e08aedcdd938a\">Pour l&#8217;eau est la production d&#8217;\u00e9nergie, nous offrons des solutions solaires eficaces et amortissables rapidement. Comme elles sont  robustes. alors vous pouvez les utiliser durant de nombreuses ann\u00e9es apr\u00e8s leur amotissement. Bri\u00e9vement, ces solutions sont pour l&#8217;agriculture et la production d&#8217;\u00e9lectricit\u00e9 pour tous sites.<\/p>\n\n\n\n<h2 class=\"wp-block-heading has-black-color has-white-background-color has-text-color has-background has-link-color has-medium-font-size wp-elements-bac03bc4e82a349c5f0fd1cefdd85a0f\" id=\"h-details-des-solutions-solaires-offertes\"><strong>D\u00e9tails des solutions solaires offertes:<\/strong><\/h2>\n\n\n\n<div class=\"wp-block-group\"><div class=\"wp-block-group__inner-container is-layout-constrained wp-block-group-is-layout-constrained\">\n<h2 class=\"wp-block-heading has-white-color has-vivid-cyan-blue-background-color has-text-color has-background has-link-color has-medium-font-size wp-elements-1c54529231026268e02ad7fd0bfed36f\" id=\"h-pompes-solaires-de-forage-et-de-cours-d-eau-distributeurs-automatiques-d-eau-et-fermes-solaires-autonomes-en-energie-et-eau\">Pompes solaires de forage et de cours d&#8217;eau, Distributeurs automatiques d&#8217;eau et Fermes solaires autonomes en \u00e9nergie et eau.<\/h2>\n\n\n\n<h2 class=\"wp-block-heading has-white-color has-vivid-cyan-blue-background-color has-text-color has-background has-link-color has-medium-font-size wp-elements-e045f55ab9d96401dcf17a1fd7e02a86\" id=\"h-generateurs-d-electricite-solaire-regulateurs-chargeurs-rhe-mppt-et-onduleurs-photovoltaiques-rhe-mppt-nous-offrons-des-gnenerateurs-integres-en-gen5-et-des-generateurs-installes-en-toiture-ou-au-sol\">G\u00e9n\u00e9rateurs d&#8217;\u00e9lectricit\u00e9 solaire, R\u00e9gulateurs chargeurs RHE-MPPT. et Onduleurs photovolta\u00efques RHE-MPPT. Nous offrons des gn\u00e9n\u00e9rateurs int\u00e9gr\u00e9s en Gen5 et des generateurs install\u00e9s en toiture ou au sol.<\/h2>\n\n\n\n<h2 class=\"wp-block-heading has-white-color has-vivid-cyan-blue-background-color has-text-color has-background has-link-color has-medium-font-size wp-elements-6b71068cd33223fba41f8a1e22e763e3\" id=\"h-eclairage-solaire-micros-onde-solaires-et-fabrication-sous-license\">\u00c9clairage solaire, Micros-onde solaires et Fabrication sous license.<\/h2>\n<\/div><\/div>\n\n\n\n<h2 class=\"wp-block-heading has-black-color has-white-background-color has-text-color has-background has-link-color has-medium-font-size wp-elements-db3361352c137e6af6e8c92e9da6f121\" id=\"h-particularites-de-nos-solutions-a-energie-solaire\"><strong>Particularit\u00e9s de nos solutions \u00e0 \u00e9nergie solaire:<\/strong><\/h2>\n\n\n\n<p class=\"has-white-color has-vivid-cyan-blue-background-color has-text-color has-background has-link-color has-medium-font-size wp-elements-c6891a1829e47f054e17c11c6ae069ab\">Tout nos produits sont con\u00e7us sp\u00e9cialement pour le photovolt\u00efque. Ils sont en technologie RHE-MPPT et au fil du soleil. Ceux ne sont pas des \u00e9quipements pr\u00e9vus pour le r\u00e9seau \u00e9lectrique et adapt\u00e9s au solaire. Car les exigences en \u00e9nergie solaire sont tr\u00e8s diff\u00e9rentes de celle du r\u00e9seau \u00e9lectrique 50Hz ou 60Hz. La grande efficacit\u00e9 et la robustesse que nous offrons en font des solutions rapidement amortissables et durables.<\/p>\n\n\n\n<div class=\"wp-block-group\"><div class=\"wp-block-group__inner-container is-layout-constrained wp-block-group-is-layout-constrained\"><\/div><\/div>\n\n\n\n<h2 class=\"wp-block-heading has-black-color has-white-background-color has-text-color has-background has-link-color has-medium-font-size wp-elements-22118bb27ec28efe4171d78903686506\" id=\"h-fabrication-sous-license\"><strong>Fabrication sous license:<\/strong><\/h2>\n\n\n\n<p class=\"has-white-color has-vivid-cyan-blue-background-color has-text-color has-background has-link-color has-medium-font-size wp-elements-4cdcf47003a99cab52b946232289bb27\">Nous offrons aussi des fabrications sous license pour les pays avec une monnaie \u00e0 taux de conversion faible. Par cons\u00e9quent, avec une fabrication sur site, nos clients pourront maitriser les co\u00fbts et la technologie rendue disponible chez eux. Par cons\u00e9quent, ils produiront leur eau et leur \u00e9nergie. Pour concr\u00e9tiser cet objectif, nous assurons la formation et nous fournissons les \u00e9quipements permettant cette production. Nous conseillons les produits suivants: Kit d&#8217;\u00e9clairage, Chargeurs MPPT et onduleurs.<\/p>\n\n\n\n<div class=\"wp-block-buttons is-content-justification-center is-layout-flex wp-container-core-buttons-is-layout-16018d1d wp-block-buttons-is-layout-flex\">\n<div class=\"wp-block-button has-custom-width wp-block-button__width-50\"><a class=\"wp-block-button__link has-white-color has-vivid-cyan-blue-background-color has-text-color has-background has-link-color wp-element-button\" href=\"https:\/\/youtu.be\/fY3zX3_-Hjc\">Videos<\/a><\/div>\n\n\n\n<div class=\"wp-block-button has-custom-width wp-block-button__width-50\"><a class=\"wp-block-button__link has-white-color has-vivid-cyan-blue-background-color has-text-color has-background has-link-color wp-element-button\" href=\"https:\/\/rheconcept.com\">rafraichir<\/a><\/div>\n<\/div>\n\n\n<p><!-- Google tag (gtag.js) --><br \/>\n<script async src=\"https:\/\/www.googletagmanager.com\/gtag\/js?id=G-C8DNQNDSX2\"><\/script><br \/>\n<script>\n  window.dataLayer = window.dataLayer || [];\n  function gtag(){dataLayer.push(arguments);}\n  gtag('js', new Date());<\/p>\n<p>  gtag('config', 'G-C8DNQNDSX2');\n<\/script><\/p>\n","protected":false},"excerpt":{"rendered":"<p>Quelle est notre participation en \u00e9nergie renouvelable? L&#8217;\u00e9nergie et l&#8217;eau sont prioritaires ! Nous concept RHE spain, offrons des solutions efficaces depuis 2000. Ceux sont des solutions solaires de notre marque. Les solutions propos\u00e9es sont \u00e0 100% d&#8217;origine Europ\u00e9enne. Nos&hellip;<a href=\"https:\/\/rheconcept.com\/\" class=\"more-link\"><span class=\"more-button\">Lisez plus<span class=\"screen-reader-text\">Home<\/span><\/span><\/a><\/p>\n","protected":false},"author":1,"featured_media":0,"parent":0,"menu_order":0,"comment_status":"closed","ping_status":"closed","template":"","meta":{"footnotes":""},"class_list":["post-3707","page","type-page","status-publish","hentry"],"aioseo_notices":[],"_links":{"self":[{"href":"https:\/\/rheconcept.com\/index.php?rest_route=\/wp\/v2\/pages\/3707","targetHints":{"allow":["GET"]}}],"collection":[{"href":"https:\/\/rheconcept.com\/index.php?rest_route=\/wp\/v2\/pages"}],"about":[{"href":"https:\/\/rheconcept.com\/index.php?rest_route=\/wp\/v2\/types\/page"}],"author":[{"embeddable":true,"href":"https:\/\/rheconcept.com\/index.php?rest_route=\/wp\/v2\/users\/1"}],"replies":[{"embeddable":true,"href":"https:\/\/rheconcept.com\/index.php?rest_route=%2Fwp%2Fv2%2Fcomments&post=3707"}],"version-history":[{"count":25,"href":"https:\/\/rheconcept.com\/index.php?rest_route=\/wp\/v2\/pages\/3707\/revisions"}],"predecessor-version":[{"id":3842,"href":"https:\/\/rheconcept.com\/index.php?rest_route=\/wp\/v2\/pages\/3707\/revisions\/3842"}],"wp:attachment":[{"href":"https:\/\/rheconcept.com\/index.php?rest_route=%2Fwp%2Fv2%2Fmedia&parent=3707"}],"curies":[{"name":"wp","href":"https:\/\/api.w.org\/{rel}","templated":true}]}}