{"id":3501,"date":"2024-06-20T09:52:55","date_gmt":"2024-06-20T09:52:55","guid":{"rendered":"https:\/\/rheconcept.com\/?page_id=3501"},"modified":"2024-07-11T08:04:52","modified_gmt":"2024-07-11T08:04:52","slug":"qualite-2-performances","status":"publish","type":"page","link":"https:\/\/rheconcept.com\/?page_id=3501","title":{"rendered":"Qualit\u00e9"},"content":{"rendered":"<div class=\"wp-block-image\">\n<figure class=\"aligncenter size-large\"><img loading=\"lazy\" decoding=\"async\" width=\"1024\" height=\"768\" src=\"https:\/\/rheconcept.com\/wp-content\/uploads\/2024\/06\/Vinaros-NEW-centre-Insidse-1024x768.jpg\" alt=\"\" class=\"wp-image-3532\" srcset=\"https:\/\/rheconcept.com\/wp-content\/uploads\/2024\/06\/Vinaros-NEW-centre-Insidse-1024x768.jpg 1024w, https:\/\/rheconcept.com\/wp-content\/uploads\/2024\/06\/Vinaros-NEW-centre-Insidse-300x225.jpg 300w, https:\/\/rheconcept.com\/wp-content\/uploads\/2024\/06\/Vinaros-NEW-centre-Insidse-768x576.jpg 768w, https:\/\/rheconcept.com\/wp-content\/uploads\/2024\/06\/Vinaros-NEW-centre-Insidse-1536x1152.jpg 1536w, https:\/\/rheconcept.com\/wp-content\/uploads\/2024\/06\/Vinaros-NEW-centre-Insidse-2048x1536.jpg 2048w, https:\/\/rheconcept.com\/wp-content\/uploads\/2024\/06\/Vinaros-NEW-centre-Insidse-200x150.jpg 200w, https:\/\/rheconcept.com\/wp-content\/uploads\/2024\/06\/Vinaros-NEW-centre-Insidse-825x620.jpg 825w, https:\/\/rheconcept.com\/wp-content\/uploads\/2024\/06\/Vinaros-NEW-centre-Insidse-1333x1000.jpg 1333w, https:\/\/rheconcept.com\/wp-content\/uploads\/2024\/06\/Vinaros-NEW-centre-Insidse-600x450.jpg 600w, https:\/\/rheconcept.com\/wp-content\/uploads\/2024\/06\/Vinaros-NEW-centre-Insidse-400x300.jpg 400w\" sizes=\"auto, (max-width: 1024px) 100vw, 1024px\" \/><\/figure>\n<\/div>\n\n\n<h2 class=\"wp-block-heading has-medium-font-size\" id=\"h-panneaux-solaires-et-qualite\"><strong>Panneaux solaires et qualit\u00e9:<\/strong><\/h2>\n\n\n\n<p class=\"has-white-color has-vivid-purple-background-color has-text-color has-background has-link-color has-medium-font-size wp-elements-2e6f91a3ac28a6e4bdf28023a88c4bae\">La qualit\u00e9 en solaire est incontournable. Notre exp\u00e9rience de plusieurs d\u00e9c\u00e9nies nous a permis de constater de fortes incompr\u00e9hensions sur la technologie solaire. Ainsi vous ne pouvez pas doubler la puissance, d\u2019un panneau solaire avec un biface. Parce que seule la face expos\u00e9e au soleil produit de l\u2019\u00e9nergie. Pendant ce temps la face oppos\u00e9e ne peut recevoir dans le meilleur des cas que la lumi\u00e8re r\u00e9fl\u00e9chie. Et cette derni\u00e8re est alors minimale. Quand l&#8217;installation est au sol, alors la face oppos\u00e9e est continuellement \u00e0 l&#8217;ombre.<\/p>\n\n\n\n<h2 class=\"wp-block-heading has-black-color has-white-background-color has-text-color has-background has-link-color has-medium-font-size wp-elements-da939ea6fd48bdf231d773d89887ea9c\" id=\"h-eclairage-autonome-de-mauvaise-qualite\"><strong>Eclairage autonome de mauvaise qualit\u00e9:<\/strong><\/h2>\n\n\n\n<p class=\"has-text-align-left has-white-color has-vivid-purple-background-color has-text-color has-background has-link-color has-medium-font-size wp-elements-a7e82e8c1a2f932a9234eecafd6570e7\">A cause du vent, sur un pyl\u00f4ne d\u2019\u00e9clairage autonome nous sommes limit\u00e9s en surface de panneau solaire install\u00e9e. G\u00e9n\u00e9ralement cette superficie maximale est de l\u2019ordre de 0,6 m2. Avec une telle surface nous ne pouvons pas avoir 100W d\u2019\u00e9clairement au sol quelque soit la lampe utilis\u00e9e si nous respectons l\u2019autonomie. Un \u00e9clairage de qualit\u00e9 offre des puissance d&#8217;\u00e9clairement allant jusqu&#8217;\u00e0 800W par pyl\u00f4ne. La solution RHE offre cette possibilit\u00e9. Pour plus d&#8217;information merci de nous contacter<\/p>\n\n\n\n<h2 class=\"wp-block-heading has-black-color has-white-background-color has-text-color has-background has-link-color has-medium-font-size wp-elements-0d4c0c207d18ca4608f94dc086d488c4\" id=\"h-micro-onde-de-reelles-performances-de-qualite\"><strong>Micro-onde de r\u00e9elles performances de qualit\u00e9:<\/strong><\/h2>\n\n\n\n<div class=\"wp-block-group has-white-color has-vivid-purple-background-color has-text-color has-background has-link-color wp-elements-6a1b38e464a5ef618f0ee5771a6a18d4\"><div class=\"wp-block-group__inner-container is-layout-constrained wp-block-group-is-layout-constrained\">\n<p class=\"has-medium-font-size\">Un micro-onde 230V aliment\u00e9 par un convertisseur DC\/AC est une solution m\u00e9diocre \u00e0 cause du tr\u00e8s mauvais rendement qui est inf\u00e9rieur 0,5. Sur les v\u00e9hicules, vous allez payer la facture en carburant. En site isol\u00e9, vous devez doubler la surface de panneaux solaires pour pr\u00e9server l\u2019autonomie de cuisson. Aussi le 230V alternatif est fortement d\u00e9conseill\u00e9 sur les v\u00e9hicules \u00e0 cause de la masse au ch\u00e2ssis. Un simple fil 230V d\u00e9nud\u00e9 et touchant le ch\u00e2ssis va faire exploser votre v\u00e9hicule.<\/p>\n<\/div><\/div>\n\n\n\n<h2 class=\"wp-block-heading has-black-color has-white-background-color has-text-color has-background has-link-color has-medium-font-size wp-elements-2b77bc0769d8d6c56e66c8acf0bed817\" id=\"h-pompage-solaire-efficace-et-de-qualite\"><strong>Pompage solaire efficace et de qualit\u00e9:<\/strong><\/h2>\n\n\n\n<div class=\"wp-block-group\"><div class=\"wp-block-group__inner-container is-layout-constrained wp-block-group-is-layout-constrained\">\n<div class=\"wp-block-group has-white-color has-vivid-purple-background-color has-text-color has-background has-link-color has-medium-font-size wp-elements-1753d4285504934d9581023dd9f8a8d3\"><div class=\"wp-block-group__inner-container is-layout-constrained wp-block-group-is-layout-constrained\">\n<p>Un variateur de vitesse du commerce requi\u00e8re uniquement une alimentation en 230V\/380V stable. Par construction le variateur est fait pour d\u00e9marrer progressivement des moteurs asynchrones entrainant des charges m\u00e9caniques. La fr\u00e9quence maxi est de 50Hz ou 60Hz. Les fr\u00e9quences plus basses sont transitoires. Celles-ci sont fix\u00e9es par la rampe de d\u00e9mararage. Par cons\u00e9quent, il est totalement incompatible avec le photovolta\u00efque. Car le mat\u00e9riel de ce dernier fonctionne entre 4HZ et 80 Hz et les strings de panneaux solaires d\u00e9livrent une tension continu variable avec la charge. Par ailleurs le choix de la fr\u00e9quence de fonctionnement d\u00e9pend de l\u2019ensoleillement. Contrairement au r\u00e9seau \u00e9lectrique, en solaire la fr\u00e9quence est invariable  en fonctionnement normal.<\/p>\n<\/div><\/div>\n<\/div><\/div>\n\n\n\n<h2 class=\"wp-block-heading has-black-color has-white-background-color has-text-color has-background has-link-color has-medium-font-size wp-elements-fa026688c3b8b4c25bbb708d56d29c1b\" id=\"h-eclairage-par-led-et-sa-qualite-lumineuse\"><strong>Eclairage par LED et sa qualit\u00e9 lumineuse:<\/strong><\/h2>\n\n\n\n<div class=\"wp-block-group has-white-color has-vivid-purple-background-color has-text-color has-background has-link-color wp-elements-6ab9c2e006a11d34cd8a0846cd86e983\"><div class=\"wp-block-group__inner-container is-layout-constrained wp-block-group-is-layout-constrained\">\n<p class=\"has-medium-font-size\">La lampe LED a une dur\u00e9e de vie plus petite qu\u2019une lampe froide et sa consommation augmente avec la temp\u00e9rature. En effet la lampe LED a un substrat pour la connecter \u00e0 son dissipateur. En physique le stresse thermique d\u2019un composant de mat\u00e9riaux diff\u00e9rents r\u00e9duit fortement la dur\u00e9 de vie. Tout ce qui chauffe se fatigue plus vite. De plus, nous passons sur la mauvaise qualit\u00e9 lumineuse de cette lumi\u00e8re monochrome.<\/p>\n<\/div><\/div>\n\n\n\n<p class=\"has-black-color has-white-background-color has-text-color has-background has-link-color has-medium-font-size wp-elements-fd33a6faf4b341a0e9d6529578c455a5\"><strong>Convertsseurs 12V\/230V, qualit\u00e9 et mensonges:<\/strong><\/p>\n\n\n\n<p class=\"has-white-color has-vivid-purple-background-color has-text-color has-background has-link-color has-medium-font-size wp-elements-c1c2c231d992d41e878d23d696df5214\">Des convertisseurs 12V\/230V sont marqu\u00e9s 3 kW. Observez bien les c\u00e2bles 12V. Ils doivent \u00eatre au moins aussi gros qu\u2019un doigt humain. Si ce n&#8217;est pas le cas, merci de consid\u00e9rer que c&#8217;est une arnaque.<\/p>\n\n\n\n<h2 class=\"wp-block-heading has-black-color has-white-background-color has-text-color has-background has-link-color has-medium-font-size wp-elements-d0e32cfdfc67ca1dad02eec8191a4e2f\" id=\"h-pompage-en-basse-tension\"><strong>Pompage en basse tension:<\/strong><\/h2>\n\n\n\n<p class=\"has-text-align-left has-white-color has-vivid-purple-background-color has-text-color has-background has-link-color has-medium-font-size wp-elements-d965fdefdea13d92b90a4f3ac87e48b3\">Le pompage solaire en basse tension continu d\u00e9fie toutes les chroniques. Depuis des d\u00e9cennies la plupart des pompes hydrauliques sont en triphas\u00e9es 230V\/380V pour r\u00e9duire les vibrations dans les pipes. Des Gourous ont invent\u00e9 le pompage en basse tension pas cher. Certains ont m\u00eame utilis\u00e9 des moteurs de robotique. Mais ils n\u2019ont pas r\u00e9invent\u00e9 le monde.<\/p>\n\n\n\n<h2 class=\"wp-block-heading has-black-color has-white-background-color has-text-color has-background has-link-color has-medium-font-size wp-elements-763ff1ef675ab225150bf73b115fb826\" id=\"h-alimentation-secourue\"><strong>Alimentation secourue:<\/strong><\/h2>\n\n\n\n<h2 class=\"wp-block-heading has-white-color has-vivid-purple-background-color has-text-color has-background has-link-color has-medium-font-size wp-elements-244efaabfb815e9ae7e30cfd57aa03e3\" id=\"h-transformer-une-alimentation-secourue-du-reseau-electrique-en-remplacant-le-secteur-par-des-panneaux-solaires-est-inconcevable-car-le-mode-de-fonctionnement-et-les-performances-reciproques-sont-differents-avec-du-vieux-nous-ne-pouvons-pas-faire-du-neuf\">Transformer une alimentation secourue du r\u00e9seau \u00e9lectrique en rempla\u00e7ant le secteur par des panneaux solaires est inconcevable. Car le mode de fonctionnement et les performances r\u00e9ciproques sont diff\u00e9rents. Avec du vieux nous ne pouvons pas faire du neuf.<\/h2>\n\n\n\n<h2 class=\"wp-block-heading has-black-color has-white-background-color has-text-color has-background has-link-color has-medium-font-size wp-elements-48332132aa73809b35135fa95b1bfb6a\" id=\"h-les-prix-universels\"><strong>Les prix universels:<\/strong><\/h2>\n\n\n\n<p class=\"has-white-color has-vivid-purple-background-color has-text-color has-background has-link-color has-medium-font-size wp-elements-ac16bfb72d011d9c670ee1a1e3cae63f\">Des prix de solutions solaires valables partout ne sont pas possibles. Car deux sites \u00e0 des emplacements diff\u00e9rents avec la m\u00eame consommation \u00e9nerg\u00e9tique n\u00e9cessiteront deux solutions solaires totalement diff\u00e9rentes. Le prix du panneau solaire ne produit pas d&#8217;energie seul. Les \u00e9lements \u00e0 associer d\u00e8pendent du site, du type d&#8217;installation et la qualit\u00e9 des performances.<\/p>\n\n\n\n<div class=\"wp-block-buttons alignfull is-content-justification-center is-layout-flex wp-container-core-buttons-is-layout-16018d1d wp-block-buttons-is-layout-flex\">\n<div class=\"wp-block-button has-custom-width wp-block-button__width-50 has-custom-font-size has-medium-font-size\"><a class=\"wp-block-button__link has-white-color has-vivid-cyan-blue-background-color has-text-color has-background has-link-color wp-element-button\" href=\"https:\/\/youtu.be\/fgsKhUh1M9A\">Vid\u00e9os<\/a><\/div>\n\n\n\n<div class=\"wp-block-button has-custom-width wp-block-button__width-50 has-custom-font-size has-medium-font-size\"><a class=\"wp-block-button__link has-white-color has-vivid-cyan-blue-background-color has-text-color has-background has-link-color wp-element-button\" href=\"https:\/\/rheconcept.com\/?page_id=13\">Contact<\/a><\/div>\n<\/div>\n","protected":false},"excerpt":{"rendered":"<p>Panneaux solaires et qualit\u00e9: La qualit\u00e9 en solaire est incontournable. Notre exp\u00e9rience de plusieurs d\u00e9c\u00e9nies nous a permis de constater de fortes incompr\u00e9hensions sur la technologie solaire. Ainsi vous ne pouvez pas doubler la puissance, d\u2019un panneau solaire avec un&hellip;<a href=\"https:\/\/rheconcept.com\/?page_id=3501\" class=\"more-link\"><span class=\"more-button\">Lisez plus<span class=\"screen-reader-text\">Qualit\u00e9<\/span><\/span><\/a><\/p>\n","protected":false},"author":1,"featured_media":0,"parent":0,"menu_order":0,"comment_status":"closed","ping_status":"closed","template":"","meta":{"footnotes":""},"class_list":["post-3501","page","type-page","status-publish","hentry"],"aioseo_notices":[],"_links":{"self":[{"href":"https:\/\/rheconcept.com\/index.php?rest_route=\/wp\/v2\/pages\/3501","targetHints":{"allow":["GET"]}}],"collection":[{"href":"https:\/\/rheconcept.com\/index.php?rest_route=\/wp\/v2\/pages"}],"about":[{"href":"https:\/\/rheconcept.com\/index.php?rest_route=\/wp\/v2\/types\/page"}],"author":[{"embeddable":true,"href":"https:\/\/rheconcept.com\/index.php?rest_route=\/wp\/v2\/users\/1"}],"replies":[{"embeddable":true,"href":"https:\/\/rheconcept.com\/index.php?rest_route=%2Fwp%2Fv2%2Fcomments&post=3501"}],"version-history":[{"count":21,"href":"https:\/\/rheconcept.com\/index.php?rest_route=\/wp\/v2\/pages\/3501\/revisions"}],"predecessor-version":[{"id":3851,"href":"https:\/\/rheconcept.com\/index.php?rest_route=\/wp\/v2\/pages\/3501\/revisions\/3851"}],"wp:attachment":[{"href":"https:\/\/rheconcept.com\/index.php?rest_route=%2Fwp%2Fv2%2Fmedia&parent=3501"}],"curies":[{"name":"wp","href":"https:\/\/api.w.org\/{rel}","templated":true}]}}