{"id":2857,"date":"2023-07-24T08:25:47","date_gmt":"2023-07-24T08:25:47","guid":{"rendered":"https:\/\/rheconcept.com\/?page_id=2857"},"modified":"2024-07-10T16:21:40","modified_gmt":"2024-07-10T16:21:40","slug":"technologie-traditionnelle","status":"publish","type":"page","link":"https:\/\/rheconcept.com\/?page_id=2857","title":{"rendered":"Gen5."},"content":{"rendered":"\n<h2 class=\"wp-block-heading has-black-color has-white-background-color has-text-color has-background has-medium-font-size\" id=\"h-types-de-technologies-solaires\"><strong>Types de technologies solaires :<\/strong><\/h2>\n\n\n\n<p class=\"has-white-color has-vivid-purple-background-color has-text-color has-background has-medium-font-size\">Deux technologies solaires existent. La technologie traditionnelle est celle invent\u00e9e aux USA en 1947. Puis copi\u00e9e par de nombreux pays. La deuxi\u00e8me est la Gen5 de RHE. <\/p>\n\n\n\n<h2 class=\"wp-block-heading has-black-color has-white-background-color has-text-color has-background has-medium-font-size\" id=\"h-technologie-traditionnelle\"><strong>Technologie traditionnelle:<\/strong><\/h2>\n\n\n\n<p class=\"has-white-color has-vivid-purple-background-color has-text-color has-background has-medium-font-size\">Le rendement de la la technologie traditionnelle ne d\u00e9passe pas 12% \u00e0 50 \u00baC. Les valeurs donn\u00e9s \u00e0 25\u00baC sont faites pour comparer le rendement avec d&#8217;autres technologies. En aucun cas il faut consid\u00e9rer ces valeurs pour dimensionner une installation solaire.<\/p>\n\n\n\n<h2 class=\"wp-block-heading has-black-color has-white-background-color has-text-color has-background has-medium-font-size\" id=\"h-la-gen5-plus-performantes-que-la-technologie-traditionnelle\"><strong>La Gen5 plus performantes que la Technologie traditionnelle:<\/strong><\/h2>\n\n\n\n<p class=\"has-white-color has-vivid-purple-background-color has-text-color has-background has-medium-font-size\">La Gen5 offre un rendement de 45% sup\u00e9rieur \u00e0 celui de la technologie traditionnelle. Par ailleurs elle est anti poussi\u00e8re. Vous n&#8217;avez pas besoin de laver vos panneaux solaires. Vous \u00e8conomiserez les d\u00e9penses de nettoyage inh\u00e9rentes \u00e0 la technologie traditionnelle et vous \u00e9viterez l&#8217;immobilisation de vos installations. <\/p>\n\n\n\n<h2 class=\"wp-block-heading has-black-color has-white-background-color has-text-color has-background has-medium-font-size\" id=\"h-panneaux-solaires-en-gen5\"><strong>Panneaux solaires en Gen5 :<\/strong><\/h2>\n\n\n\n<p class=\"has-white-color has-vivid-purple-background-color has-text-color has-background has-medium-font-size\">Nous offrons des panneaux en Gen5, plus performants que ceux en technologie traditionnelle. Les calibres sont  de 100W, 150W, 200W, 250W et 300 W. Tous nos panneaux solaires sont en simple face. Car une seule face est expos\u00e9e au rayennement solaire. Pendant que la face oppos\u00e9e ne produit pas. Nous offrons \u00e9galement des modules autonomes avec une integration de niveau 5. Ces derniers produisent directement du 230V\/380V avec une autonomie sp\u00e9cifique aux besoins.<\/p>\n\n\n\n<h2 class=\"wp-block-heading has-black-color has-white-background-color has-text-color has-background has-medium-font-size\" id=\"h-puissance-maximale-de-panneaux-solaires-en-technologie-traditionnelle\"><strong>Puissance maximale de panneaux solaires en Technologie traditionnelle :<\/strong><\/h2>\n\n\n\n<p class=\"has-white-color has-vivid-purple-background-color has-text-color has-background has-medium-font-size\">Par contre nous ne pouvons pas construire de tr\u00e8s grands panneaux solaires. Si la surface d\u00e9passe 2m2, alors ils casseraient \u00e0 la manipulation. Pour 2m2 la puissance maximale est 300W. Si on met en t\u00eate b\u00eache deux panneaux de 300 W en aucun cas nous aurons 600 W. Parceque le rayonnement solaire sur un panneau solaire en technologie traditionnelle, doit se faire selon un angle d&#8217;incidence des rayons solaires qui d\u00e9pend de la lattitude terrestre. Si cet angle d&#8217;incidence n&#8217;est pas respect\u00e9, alors les panneaux solaires produisent beaucoup moins d&#8217;\u00e9nergie .<\/p>\n\n\n\n<h2 class=\"wp-block-heading has-black-color has-white-background-color has-text-color has-background has-medium-font-size\" id=\"h-patente\"><strong>Patente :<\/strong><\/h2>\n\n\n\n<p class=\"has-white-color has-vivid-purple-background-color has-text-color has-background has-medium-font-size\">De nos jours de nombreux pays ne respectent plus les protections de la propri\u00e9t\u00e9 industrielle. Alors nous sommes h\u00e9l\u00e0s contraints d&#8217;adopter une autre technique de promotion de la Gen5. C&#8217;est pour cette raison que nous ne pr\u00e9sentons aucune photo de la Gen5. Par contre nous restons \u00e0 votre \u00e9coute pour vos projets solaires en gen5 ou en technologie traditionnelle.<\/p>\n\n\n\n<h2 class=\"wp-block-heading has-black-color has-white-background-color has-text-color has-background has-medium-font-size\" id=\"h-projets-supportes\"><strong>Projets support\u00e9s :<\/strong><\/h2>\n\n\n\n<p class=\"has-white-color has-vivid-purple-background-color has-text-color has-background has-medium-font-size\">La Gen5 convient pour am\u00e9liorer vos installations existantes en  technologie traditionnelle ou pour vos nouveaux projets. En sites poussiereux, la Gen5  puissance va \u00e0 138 kW.<\/p>\n\n\n\n<h2 class=\"wp-block-heading has-black-color has-white-background-color has-text-color has-background has-medium-font-size\" id=\"h-demandes-clients\"><strong>Demandes clients :<\/strong><\/h2>\n\n\n\n<p class=\"has-white-color has-vivid-purple-background-color has-text-color has-background has-medium-font-size\">Nous demandons \u00e0 notre aimable client\u00e8le de nous excuser pour cette d\u00e9marche. Mais nous les rassurons que nous seront fiers de les documenter sur la Gen5 dans leur projets. Vos projets sont importants. Gagnez en productivit\u00e9 avec la Gen5. Comparez !. Merci de nous consulter.<\/p>\n\n\n\n<div class=\"wp-block-buttons is-content-justification-center is-layout-flex wp-container-core-buttons-is-layout-16018d1d wp-block-buttons-is-layout-flex\">\n<div class=\"wp-block-button has-custom-width wp-block-button__width-50 has-custom-font-size has-medium-font-size\"><a class=\"wp-block-button__link has-white-color has-vivid-cyan-blue-background-color has-text-color has-background has-link-color wp-element-button\" href=\"https:\/\/youtu.be\/__SH0j7ZDVw\" target=\"_blank\" rel=\"noreferrer noopener\">vid\u00e9os<\/a><\/div>\n\n\n\n<div class=\"wp-block-button has-custom-width wp-block-button__width-50 has-custom-font-size has-medium-font-size\"><a class=\"wp-block-button__link has-white-color has-vivid-cyan-blue-background-color has-text-color has-background has-link-color wp-element-button\" href=\"https:\/\/rheconcept.com\/?page_id=2857\" target=\"_blank\" rel=\"noreferrer noopener\">Rafraichir<\/a><\/div>\n<\/div>\n\n\n\n<p><\/p>\n","protected":false},"excerpt":{"rendered":"<p>Types de technologies solaires : Deux technologies solaires existent. La technologie traditionnelle est celle invent\u00e9e aux USA en 1947. Puis copi\u00e9e par de nombreux pays. La deuxi\u00e8me est la Gen5 de RHE. Technologie traditionnelle: Le rendement de la la technologie&hellip;<a href=\"https:\/\/rheconcept.com\/?page_id=2857\" class=\"more-link\"><span class=\"more-button\">Lisez plus<span class=\"screen-reader-text\">Gen5.<\/span><\/span><\/a><\/p>\n","protected":false},"author":1,"featured_media":2940,"parent":0,"menu_order":0,"comment_status":"closed","ping_status":"closed","template":"","meta":{"footnotes":""},"class_list":["post-2857","page","type-page","status-publish","has-post-thumbnail","hentry"],"aioseo_notices":[],"_links":{"self":[{"href":"https:\/\/rheconcept.com\/index.php?rest_route=\/wp\/v2\/pages\/2857","targetHints":{"allow":["GET"]}}],"collection":[{"href":"https:\/\/rheconcept.com\/index.php?rest_route=\/wp\/v2\/pages"}],"about":[{"href":"https:\/\/rheconcept.com\/index.php?rest_route=\/wp\/v2\/types\/page"}],"author":[{"embeddable":true,"href":"https:\/\/rheconcept.com\/index.php?rest_route=\/wp\/v2\/users\/1"}],"replies":[{"embeddable":true,"href":"https:\/\/rheconcept.com\/index.php?rest_route=%2Fwp%2Fv2%2Fcomments&post=2857"}],"version-history":[{"count":32,"href":"https:\/\/rheconcept.com\/index.php?rest_route=\/wp\/v2\/pages\/2857\/revisions"}],"predecessor-version":[{"id":3832,"href":"https:\/\/rheconcept.com\/index.php?rest_route=\/wp\/v2\/pages\/2857\/revisions\/3832"}],"wp:featuredmedia":[{"embeddable":true,"href":"https:\/\/rheconcept.com\/index.php?rest_route=\/wp\/v2\/media\/2940"}],"wp:attachment":[{"href":"https:\/\/rheconcept.com\/index.php?rest_route=%2Fwp%2Fv2%2Fmedia&parent=2857"}],"curies":[{"name":"wp","href":"https:\/\/api.w.org\/{rel}","templated":true}]}}