{"id":1445,"date":"2020-12-31T06:18:51","date_gmt":"2020-12-31T06:18:51","guid":{"rendered":"https:\/\/demo.fireflythemes.com\/elegant-business-pro\/?page_id=1445"},"modified":"2024-07-10T18:56:17","modified_gmt":"2024-07-10T18:56:17","slug":"home-produits-solaires","status":"publish","type":"page","link":"https:\/\/rheconcept.com\/?page_id=1445","title":{"rendered":"Nos produits"},"content":{"rendered":"\n<h2 class=\"wp-block-heading has-medium-font-size\" id=\"h-produits-solaires-offerts-par-rhe\"><strong>Produits solaires offerts par RHE !<\/strong><\/h2>\n\n\n\n<p class=\"has-white-color has-vivid-purple-background-color has-text-color has-background has-link-color has-medium-font-size wp-elements-f11b8c8c708a0d7fe2bcf6f3bdabb5b6\">En qualit\u00e9 de fabricant de produits solaires, Concept RHE Spain ,dite RHE existe depuis 2010 en Espagne. Elle r\u00e9sulte de RHE France existante depuis 2000.<\/p>\n\n\n\n<h2 class=\"wp-block-heading has-black-color has-white-background-color has-text-color has-background has-link-color has-medium-font-size wp-elements-aaa7cafc6527bef010d063d2365fc972\" id=\"h-que-faisons-nous-en-produits-solaires\"><strong>Que faisons nous en produits solaires?<\/strong><\/h2>\n\n\n\n<p class=\"has-white-color has-vivid-purple-background-color has-text-color has-background has-link-color has-medium-font-size wp-elements-9d9fea80e5181d9213e5faf3bcb1b9f1\">Nous offrons des produits \u00e0 usage solaires compl\u00e8ts, test\u00e9s et pr\u00eats \u00e0 installation. Nous proposons \u00e9galement des onduleurs de puissance et quelques solutions industrielles que vous pouvez d\u00e9couvrir dans notre catalogue g\u00e9neral.<\/p>\n\n\n\n<h2 class=\"wp-block-heading has-black-color has-white-background-color has-text-color has-background has-link-color has-medium-font-size wp-elements-cebdfc8d1280b6377c9ae1cac509da4f\" id=\"h-nos-produits-en-solaires\"><strong>Nos<strong> produits en solaires<\/strong><\/strong> :<\/h2>\n\n\n\n<p class=\"has-white-color has-vivid-purple-background-color has-text-color has-background has-link-color has-medium-font-size wp-elements-6c690f998811574e5b94258a04ea4fa4\">Pour construire nos produits solaires, nous pr\u00e9viligions la qualit\u00e9 et l&#8217;efficacit\u00e9 n\u00e9cessaire afin r\u00e9ussir vos projets. Par cons\u00e9quent la robustesse et l&#8217;efficacit\u00e9 sont incontournables. Car ils assurent un amortissement rapide et une utilisation gratuite apr\u00e8s.<\/p>\n\n\n\n<h2 class=\"wp-block-heading has-black-color has-white-background-color has-text-color has-background has-link-color has-medium-font-size wp-elements-4dc0a1651e475e6405cbe535dc298b51\" id=\"h-secteur-d-activite-en-produits-solaires\"><strong>Secteur d&#8217;activit\u00e9 en produits solaires:<\/strong><\/h2>\n\n\n\n<p class=\"has-white-color has-vivid-purple-background-color has-text-color has-background has-link-color has-medium-font-size wp-elements-36f1a2a1a513360249f92f3f62af234d\">Nous offrons des produits solaires efficaces pour l&#8217;agriculture et la production d&#8217;\u00e8lectrcit\u00e9 photovolta\u00efque. Pour l&#8217;irragation nos pompes solaires fournissent jusqu&#8217;\u00e0 5000 m3 par jour. Nos solutions r\u00e9pondent \u00e0 vos pr\u00e9occupations de pompage d&#8217;eau de forages ou de cours d&#8217;eau. Nos distributeurs automatiques d&#8217;eau distribuent l&#8217;eau \u00e0 vos b\u00eates en enclos ou \u00e0 vos collectivit\u00e9s. Conernant la production d&#8217;\u00e9lectricit\u00e9, nos g\u00e9n\u00e9rateurs sont pour les sites isol\u00e9s ou raccord\u00e9s au r\u00e9seau \u00e9lectrique.<\/p>\n\n\n\n<h2 class=\"wp-block-heading has-black-color has-white-background-color has-text-color has-background has-link-color has-medium-font-size wp-elements-de2357d5164c3f603345664a695f2043\" id=\"h-onduleurs-solaires\"><strong> Onduleurs solaires:<\/strong><\/h2>\n\n\n\n<p class=\"has-white-color has-vivid-purple-background-color has-text-color has-background has-link-color has-medium-font-size wp-elements-093c14dee0221e68b14b194d21305762\">Nous offrons une large gammes d&#8217;onduleurs photovolta\u00efques. Ces produits sont en technologie RHE MPPT et au fil du soleil. La gamme de puissance va jusqu&#8217;\u00e0 138 kW. Ils suppotrent jusqu&#8217;\u00e0 23 strings de panneaux solaires. Par ailleurs, ils sont con\u00e7us pour fonctionner dans un environnement climatique s\u00e9v\u00e8re. En monophas\u00e9 ou en triphas\u00e9 produisez gratuitement votre \u00e9lectricit\u00e9 grace \u00e0 nos onduleurs. Par cons\u00e9quent pourquoi s&#8217;en priver!<\/p>\n\n\n\n<h2 class=\"wp-block-heading has-black-color has-white-background-color has-text-color has-background has-link-color has-medium-font-size wp-elements-bd36df2ff1065ec07a4b70c42a9a2112\" id=\"h-produits-pour-cuisson-solaire\"><strong>Produits pour cuisson solaire:<\/strong><\/h2>\n\n\n\n<p class=\"has-white-color has-vivid-purple-background-color has-text-color has-background has-link-color has-medium-font-size wp-elements-92cf3f026b54dcf4c60313fa9ef9a0eb\">Les produits pour cuisson sur vehicule ou en site isol\u00e9 permettent de cuisiner gratuitement sans bois ni gaz. Le capacit\u00e9 de cuisson sont de 7litres \u00e0 22 litres. Les puissances vont de 650W \u00e0 1200W. Nous ne vendons pas ces produits au d\u00e9tail. Ceux sont des produits OEM que vous pouvez int\u00e9grer dans des v\u00e9hicules, des camping cars et dans vos cuisines. Par cond\u00e9quent ils sont livrables en quantit\u00e9.<\/p>\n\n\n\n<h2 class=\"wp-block-heading has-black-color has-white-background-color has-text-color has-background has-link-color has-medium-font-size wp-elements-bd0dacc5329633328aff1f21833f03eb\" id=\"h-produits-solaires-de-grande-taille\"><strong>Produits solaires de grande taille<\/strong>:<\/h2>\n\n\n\n<p class=\"has-white-color has-vivid-purple-background-color has-text-color has-background has-link-color has-medium-font-size wp-elements-173c0f71a2f4fe0b93d4b549307a4f72\">Nous disposons de la technologie n\u00e9cessaire pour r\u00e9aliser vos projets cons\u00e9quents. Ainsi nous pouvons \u00e9tudier et r\u00e9aliser votre ferme en solution solaire ind\u00e9pendante de l&#8217;eau et de l&#8217;\u00e9nergie. Pour vos g\u00e9nerateurs d&#8217;\u00e9nergie en site isol\u00e9s ou raccord\u00e9s, n&#8217;h\u00e9sitez pas de nous questionner.<\/p>\n\n\n\n<h2 class=\"wp-block-heading has-black-color has-white-background-color has-text-color has-background has-link-color has-medium-font-size wp-elements-8d78ba6e5d6984760e391786a79adf3b\" id=\"h-resume\"><strong>R\u00e9sum\u00e9:<\/strong><\/h2>\n\n\n\n<p class=\"has-white-color has-vivid-purple-background-color has-text-color has-background has-link-color has-medium-font-size wp-elements-032e9251aa26100e5fd60188ce7e5372\">Dans la brochure ci-dessous vous d\u00e9couvrirez les solutions offertes. Dans les diverses pages de ce site web vous trouvez plus d&#8217;information concernant nos produits. Vos projets sont importants merci de penser RHE. Nous avons appr\u00e9ci\u00e9 votre viste et esp\u00e9rons vous revoir bient\u00f4t .<\/p>\n\n\n\n<div class=\"wp-block-buttons is-layout-flex wp-block-buttons-is-layout-flex\">\n<div class=\"wp-block-button has-custom-width wp-block-button__width-50 has-custom-font-size has-medium-font-size\"><a class=\"wp-block-button__link has-white-color has-vivid-cyan-blue-background-color has-text-color has-background has-link-color wp-element-button\" href=\"https:\/\/youtu.be\/N2LG7bm8Vu4\"><strong>Vid\u00e9o<\/strong><\/a><\/div>\n\n\n\n<div class=\"wp-block-button has-custom-width wp-block-button__width-50 has-custom-font-size has-medium-font-size\"><a class=\"wp-block-button__link has-white-color has-vivid-cyan-blue-background-color has-text-color has-background has-link-color wp-element-button\"><strong>Rafraichir<\/strong><\/a><\/div>\n<\/div>\n","protected":false},"excerpt":{"rendered":"<p>Produits solaires offerts par RHE ! En qualit\u00e9 de fabricant de produits solaires, Concept RHE Spain ,dite RHE existe depuis 2010 en Espagne. Elle r\u00e9sulte de RHE France existante depuis 2000. Que faisons nous en produits solaires? Nous offrons des&hellip;<a href=\"https:\/\/rheconcept.com\/?page_id=1445\" class=\"more-link\"><span class=\"more-button\">Lisez plus<span class=\"screen-reader-text\">Nos produits<\/span><\/span><\/a><\/p>\n","protected":false},"author":1,"featured_media":3270,"parent":0,"menu_order":0,"comment_status":"closed","ping_status":"closed","template":"","meta":{"footnotes":""},"class_list":["post-1445","page","type-page","status-publish","has-post-thumbnail","hentry"],"aioseo_notices":[],"_links":{"self":[{"href":"https:\/\/rheconcept.com\/index.php?rest_route=\/wp\/v2\/pages\/1445","targetHints":{"allow":["GET"]}}],"collection":[{"href":"https:\/\/rheconcept.com\/index.php?rest_route=\/wp\/v2\/pages"}],"about":[{"href":"https:\/\/rheconcept.com\/index.php?rest_route=\/wp\/v2\/types\/page"}],"author":[{"embeddable":true,"href":"https:\/\/rheconcept.com\/index.php?rest_route=\/wp\/v2\/users\/1"}],"replies":[{"embeddable":true,"href":"https:\/\/rheconcept.com\/index.php?rest_route=%2Fwp%2Fv2%2Fcomments&post=1445"}],"version-history":[{"count":24,"href":"https:\/\/rheconcept.com\/index.php?rest_route=\/wp\/v2\/pages\/1445\/revisions"}],"predecessor-version":[{"id":3846,"href":"https:\/\/rheconcept.com\/index.php?rest_route=\/wp\/v2\/pages\/1445\/revisions\/3846"}],"wp:featuredmedia":[{"embeddable":true,"href":"https:\/\/rheconcept.com\/index.php?rest_route=\/wp\/v2\/media\/3270"}],"wp:attachment":[{"href":"https:\/\/rheconcept.com\/index.php?rest_route=%2Fwp%2Fv2%2Fmedia&parent=1445"}],"curies":[{"name":"wp","href":"https:\/\/api.w.org\/{rel}","templated":true}]}}