{"id":11,"date":"2023-02-11T12:50:00","date_gmt":"2023-02-11T12:50:00","guid":{"rendered":"https:\/\/rheconcept.com\/?page_id=11"},"modified":"2024-07-11T07:55:45","modified_gmt":"2024-07-11T07:55:45","slug":"onduleurs-photovoltaic","status":"publish","type":"page","link":"https:\/\/rheconcept.com\/?page_id=11","title":{"rendered":"Onduleurs"},"content":{"rendered":"<div class=\"wp-block-image\">\n<figure class=\"aligncenter size-full\"><img loading=\"lazy\" decoding=\"async\" width=\"1663\" height=\"742\" src=\"https:\/\/rheconcept.com\/wp-content\/uploads\/2023\/07\/New-range-pf-RHE-solar-inverters-1-e1690202042469.jpg\" alt=\"Nouvelle G\u00e9neration d'onduleurs\" class=\"wp-image-2914\" srcset=\"https:\/\/rheconcept.com\/wp-content\/uploads\/2023\/07\/New-range-pf-RHE-solar-inverters-1-e1690202042469.jpg 1663w, https:\/\/rheconcept.com\/wp-content\/uploads\/2023\/07\/New-range-pf-RHE-solar-inverters-1-e1690202042469-300x134.jpg 300w, https:\/\/rheconcept.com\/wp-content\/uploads\/2023\/07\/New-range-pf-RHE-solar-inverters-1-e1690202042469-1024x457.jpg 1024w, https:\/\/rheconcept.com\/wp-content\/uploads\/2023\/07\/New-range-pf-RHE-solar-inverters-1-e1690202042469-768x343.jpg 768w, https:\/\/rheconcept.com\/wp-content\/uploads\/2023\/07\/New-range-pf-RHE-solar-inverters-1-e1690202042469-1536x685.jpg 1536w, https:\/\/rheconcept.com\/wp-content\/uploads\/2023\/07\/New-range-pf-RHE-solar-inverters-1-e1690202042469-825x368.jpg 825w, https:\/\/rheconcept.com\/wp-content\/uploads\/2023\/07\/New-range-pf-RHE-solar-inverters-1-e1690202042469-600x268.jpg 600w, https:\/\/rheconcept.com\/wp-content\/uploads\/2023\/07\/New-range-pf-RHE-solar-inverters-1-e1690202042469-400x178.jpg 400w\" sizes=\"auto, (max-width: 1663px) 100vw, 1663px\" \/><figcaption class=\"wp-element-caption\">onduleurs<\/figcaption><\/figure>\n<\/div>\n\n\n<p class=\"has-white-color has-vivid-purple-background-color has-text-color has-background has-medium-font-size\">Nous offrons des onduleurs pour les sites isol\u00e9s, raccord\u00e9s au r\u00e9seau \u00e9lectrique et pour le pompage solaire. Comme nous ne sommes ni revendeur ni distributeur, alors des minimums de quantit\u00e9 s&#8217;imposent. Ce minimum est bien entendu d\u00e9pendant de la puissance et du type. Par exemple ce minimum est de 3 pi\u00e8ces pour un 138 kW et plus et 20 pi\u00e8ces pour 3 kW.<\/p>\n\n\n\n<h2 class=\"wp-block-heading has-black-color has-white-background-color has-text-color has-background has-medium-font-size\" id=\"h-gamme-d-onduleurs\"><strong>Gamme d&#8217;onduleurs:<\/strong><\/h2>\n\n\n\n<p class=\"has-white-color has-vivid-purple-background-color has-text-color has-background has-medium-font-size\">Nous avons plusieurs types. Tout d&#8217;abords nous avons les Smart onduleurs qui sont pour des puissances inf\u00e9rieures ou \u00e9gale \u00e0 3 kW. Ils sont pr\u00e9vus pour les sites raccord\u00e9s au r\u00e9seau, les sites isol\u00e9s et pour le pompage solaire. A c\u00f4t\u00e9 nous avons les produits de puissance allant de 4kW \u00e0 138 kW. Ces derniers sont \u00e9galement pr\u00e9vus pour les sites raccord\u00e9s, isol\u00e9s et pour le pompage solaire.<\/p>\n\n\n\n<h2 class=\"wp-block-heading has-black-color has-white-background-color has-text-color has-background has-medium-font-size\" id=\"h-technologie\" style=\"font-style:normal;font-weight:500\"><strong>Technologie:<\/strong><\/h2>\n\n\n\n<p class=\"has-white-color has-vivid-purple-background-color has-text-color has-background has-medium-font-size\">Nos onduleurs sont con\u00e7us pour une exploitation en solaire. Ils sont tous \u00e9quip\u00e9s de la technologie RHE-MPPT au fil du soleil. Leurs rendement est efficace et ils sont sensibles pour fonctionner pendant de longues journ\u00e9es. Ainsi vous pouvez produire plus d&#8217;\u00e9nergie ou d&#8217;eau. certainement l&#8217;efficacit\u00e9 est un gage d&#8217;amortissement de vos projets. En autre, nos onduleurs sont \u00e9tanches et robustes pour durer. Il faut bien noter que les produits \u00e9tanches ne n\u00e9cessitent pas l&#8217;installation dans un local sp\u00e9cial co\u00fbteux.<\/p>\n\n\n\n<h2 class=\"wp-block-heading has-black-color has-white-background-color has-text-color has-background has-medium-font-size\" id=\"h-conditions-de-ventes-d-onduleurs\" style=\"font-style:normal;font-weight:500\"><strong>Conditions de ventes d&#8217;onduleurs:<\/strong><\/h2>\n\n\n\n<p class=\"has-white-color has-vivid-purple-background-color has-text-color has-background has-medium-font-size\">Nous commercialisons les onduleurs en volume uniquement. Vous pouvez aussi les fabriquer sous licence en local. Pour ce faire nous livrons la technologie et les les outils pour les produire. Une garantie s\u00e9rieuse et un bon support sont offerts. Alors n&#8217;h\u00e9sitez pas de nous confier vos projets. Par vid\u00e9os conf\u00e9rence nous pouvons en discuter.<\/p>\n\n\n\n<h2 class=\"wp-block-heading has-black-color has-white-background-color has-text-color has-background has-medium-font-size\" id=\"h-garantie-et-reserve-de-propriete-de-la-technologie-des-onduleurs\" style=\"font-style:normal;font-weight:500\"><strong>Garantie et r\u00e9serve de propri\u00e9t\u00e9 de la technologie des onduleurs:<\/strong><\/h2>\n\n\n\n<p class=\"has-white-color has-vivid-purple-background-color has-text-color has-background has-medium-font-size\">M\u00e8me fabriqu\u00e9s sous licence, la propr\u00e9t\u00e9 intellectuelle des onduleurs demeure \u00e0 RHE. Mais vous aurez acc\u00e8s au savoir faire. Un suivi et une mise \u00e0 jour sont donn\u00e9s. La license s&#8217;applique au mat\u00e9riel et au logiciel. La garantie est d\u00e9finie en d\u00e9tail dans la facture proforma en cas d&#8217;offre.<\/p>\n\n\n\n<div class=\"wp-block-buttons is-content-justification-center is-layout-flex wp-container-core-buttons-is-layout-16018d1d wp-block-buttons-is-layout-flex\">\n<div class=\"wp-block-button has-custom-width wp-block-button__width-50 has-custom-font-size has-medium-font-size\"><a class=\"wp-block-button__link has-white-color has-vivid-cyan-blue-background-color has-text-color has-background has-link-color wp-element-button\" href=\"https:\/\/youtu.be\/kmQ7VW-NkjI\" target=\"_blank\" rel=\"noreferrer noopener\">Vid\u00e9os<\/a><\/div>\n\n\n\n<div class=\"wp-block-button has-custom-width wp-block-button__width-50 has-custom-font-size has-medium-font-size\"><a class=\"wp-block-button__link has-white-color has-vivid-cyan-blue-background-color has-text-color has-background has-link-color wp-element-button\" href=\"https:\/\/rheconcept.com\/?page_id=11\" target=\"_blank\" rel=\"noreferrer noopener\">Rafraichir<\/a><\/div>\n<\/div>\n","protected":false},"excerpt":{"rendered":"<p>Nous offrons des onduleurs pour les sites isol\u00e9s, raccord\u00e9s au r\u00e9seau \u00e9lectrique et pour le pompage solaire. Comme nous ne sommes ni revendeur ni distributeur, alors des minimums de quantit\u00e9 s&#8217;imposent. Ce minimum est bien entendu d\u00e9pendant de la puissance&hellip;<a href=\"https:\/\/rheconcept.com\/?page_id=11\" class=\"more-link\"><span class=\"more-button\">Lisez plus<span class=\"screen-reader-text\">Onduleurs<\/span><\/span><\/a><\/p>\n","protected":false},"author":1,"featured_media":0,"parent":0,"menu_order":0,"comment_status":"closed","ping_status":"closed","template":"","meta":{"footnotes":""},"class_list":["post-11","page","type-page","status-publish","hentry"],"aioseo_notices":[],"_links":{"self":[{"href":"https:\/\/rheconcept.com\/index.php?rest_route=\/wp\/v2\/pages\/11","targetHints":{"allow":["GET"]}}],"collection":[{"href":"https:\/\/rheconcept.com\/index.php?rest_route=\/wp\/v2\/pages"}],"about":[{"href":"https:\/\/rheconcept.com\/index.php?rest_route=\/wp\/v2\/types\/page"}],"author":[{"embeddable":true,"href":"https:\/\/rheconcept.com\/index.php?rest_route=\/wp\/v2\/users\/1"}],"replies":[{"embeddable":true,"href":"https:\/\/rheconcept.com\/index.php?rest_route=%2Fwp%2Fv2%2Fcomments&post=11"}],"version-history":[{"count":26,"href":"https:\/\/rheconcept.com\/index.php?rest_route=\/wp\/v2\/pages\/11\/revisions"}],"predecessor-version":[{"id":3849,"href":"https:\/\/rheconcept.com\/index.php?rest_route=\/wp\/v2\/pages\/11\/revisions\/3849"}],"wp:attachment":[{"href":"https:\/\/rheconcept.com\/index.php?rest_route=%2Fwp%2Fv2%2Fmedia&parent=11"}],"curies":[{"name":"wp","href":"https:\/\/api.w.org\/{rel}","templated":true}]}}