{"id":10,"date":"2023-02-11T12:50:00","date_gmt":"2023-02-11T12:50:00","guid":{"rendered":"https:\/\/rheconcept.com\/?page_id=10"},"modified":"2024-07-11T08:17:07","modified_gmt":"2024-07-11T08:17:07","slug":"regulateurs-solaires","status":"publish","type":"page","link":"https:\/\/rheconcept.com\/?page_id=10","title":{"rendered":"R\u00e9gulateurs"},"content":{"rendered":"\n<p class=\"has-white-color has-vivid-purple-background-color has-text-color has-background has-medium-font-size\">Nos r\u00e9gulateurs solaires vont de 10A \u00e0 300A. Ils se connectent directement aux panneaux solaires en 12V et 24V. Comme pour les autres produits nous ne sommes pas d\u00e9taillants. Par cons\u00e9quent, dans ce qui suit nous allons d\u00e9tailler les caract\u00e9ristiques et partenariats offerts.<\/p>\n\n\n\n<h2 class=\"wp-block-heading has-black-color has-white-background-color has-text-color has-background has-medium-font-size\" id=\"h-technologie\" style=\"font-style:normal;font-weight:400\"><strong>Technologie:<\/strong><\/h2>\n\n\n\n<p class=\"has-white-color has-vivid-purple-background-color has-text-color has-background has-medium-font-size\">Tous nos r\u00e9gulateurs solaires sont en technologie RHE-MPPT au fil du soleil. Ils permettent de charger des batteries grace \u00e0 la lumi\u00e8re du soleil. L&#8217;\u00e9nergie stock\u00e9e est controll\u00e9e en permanance en \u00e9vitant la d\u00e9charge profonde. Divers alarmes annoncent \u00e0 l&#8217;utilisateur l&#8217;\u00e9tat du smart r\u00e9gulateur. C&#8217;est la serie RHE 86XXXX. La photo ci dessus montre un produit fait en CAO et duplicable en s\u00e9rie.<\/p>\n\n\n\n<h2 class=\"wp-block-heading has-black-color has-white-background-color has-text-color has-background has-medium-font-size\" id=\"h-commercialisation-des-regulateurs-solaires\" style=\"font-style:normal;font-weight:400\"><strong>Commercialisation des r\u00e9gulateurs solaires:<\/strong><\/h2>\n\n\n\n<p class=\"has-white-color has-vivid-purple-background-color has-text-color has-background has-medium-font-size\">Ces r\u00e9gulateurs solaires sont d\u00e9sormais d&#8217;excellents produits pour nos distributeurs et pour nos partenaires qui les approvisionnent en quantit\u00e9. Incontestablement, pour atteindre des prix imbattables, des quantit\u00e9s sont indispensables. Par cons\u00e9quent un stock appropri\u00e9 de r\u00e9gulateurs solaires est conseill\u00e9 \u00e0 nos partenaires distributeurs.<\/p>\n\n\n\n<p class=\"has-black-color has-white-background-color has-text-color has-background has-medium-font-size\"><strong>Fabrication sous licence:<\/strong><\/p>\n\n\n\n<p class=\"has-white-color has-vivid-purple-background-color has-text-color has-background has-medium-font-size\">Nous offrons aussi des licences de fabrication en local pour les r\u00e9gulateurs solaires. Nos clients et Partenaires d\u00e9sireux d&#8217;investir dans ce domaine ont tout notre support. Nous pouvons aussi fournir les outils de production n\u00e9cessaires. En adoptant une licence locale, vous acc\u00e9dez au co\u00fbt r\u00e9duit, \u00e0 une grande disponibilit\u00e9 et \u00e0 la maitrise de la technologie. Comme ces produits sont basiques pour toute installation solaire en site isol\u00e9 avec batterie, alors la vente est potentiellle. Par cons\u00e9quent votre investissement pour une production locale est fond\u00e9.<\/p>\n\n\n\n<h2 class=\"wp-block-heading has-black-color has-white-background-color has-text-color has-background has-medium-font-size\" id=\"h-conditions-et-garanties-pour-regulateurs-solaires\" style=\"font-style:normal;font-weight:500\"><strong>Conditions et Garanties pour r\u00e9gulateurs solaires:<\/strong><\/h2>\n\n\n\n<p class=\"has-white-color has-vivid-purple-background-color has-text-color has-background has-medium-font-size\">La garantie pour les r\u00e9gulateurs solaires est de 5 ans. Cette derni\u00e8re est pr\u00e9cis\u00e9e dans la facture proforma envoy\u00e9e. Pour les Partenaires qui d\u00e9sirent fabriquer en local, nous donnons une garantie du mat\u00e9riel et du logiciel. Pour r\u00e9ussir vos projets nous donnons un grand support technique. En vid\u00e9os conf\u00e9rences, nous pouvons en d\u00e9battre quand vous le souhaitez. Merci pour votre visite. Au plaisir de vous revoir prochainement.<\/p>\n\n\n\n<div class=\"wp-block-buttons is-content-justification-center is-layout-flex wp-container-core-buttons-is-layout-16018d1d wp-block-buttons-is-layout-flex\">\n<div class=\"wp-block-button has-custom-width wp-block-button__width-25 has-custom-font-size has-medium-font-size\"><a class=\"wp-block-button__link has-white-color has-vivid-cyan-blue-background-color has-text-color has-background has-link-color wp-element-button\" href=\"https:\/\/youtu.be\/JwXLwfnmOzU\" target=\"_blank\" rel=\"noreferrer noopener\">Vid\u00e9os<\/a><\/div>\n\n\n\n<div class=\"wp-block-button has-custom-width wp-block-button__width-25 has-custom-font-size has-medium-font-size\"><a class=\"wp-block-button__link has-white-color has-vivid-cyan-blue-background-color has-text-color has-background has-link-color wp-element-button\" href=\"https:\/\/www.rheconcept.net\" target=\"_blank\" rel=\"noreferrer noopener\">second web<\/a><\/div>\n\n\n\n<div class=\"wp-block-button has-custom-width wp-block-button__width-25 has-custom-font-size has-medium-font-size\"><a class=\"wp-block-button__link has-white-color has-vivid-cyan-blue-background-color has-text-color has-background has-link-color wp-element-button\" href=\"http:\/\/rheconcept.com\/?page_id=10\" target=\"_blank\" rel=\"noreferrer noopener\">rafraichir<\/a><\/div>\n<\/div>\n\n\n\n<p><\/p>\n","protected":false},"excerpt":{"rendered":"<p>Nos r\u00e9gulateurs solaires vont de 10A \u00e0 300A. Ils se connectent directement aux panneaux solaires en 12V et 24V. Comme pour les autres produits nous ne sommes pas d\u00e9taillants. Par cons\u00e9quent, dans ce qui suit nous allons d\u00e9tailler les caract\u00e9ristiques&hellip;<a href=\"https:\/\/rheconcept.com\/?page_id=10\" class=\"more-link\"><span class=\"more-button\">Lisez plus<span class=\"screen-reader-text\">R\u00e9gulateurs<\/span><\/span><\/a><\/p>\n","protected":false},"author":1,"featured_media":243,"parent":0,"menu_order":0,"comment_status":"closed","ping_status":"closed","template":"","meta":{"footnotes":""},"class_list":["post-10","page","type-page","status-publish","has-post-thumbnail","hentry"],"aioseo_notices":[],"_links":{"self":[{"href":"https:\/\/rheconcept.com\/index.php?rest_route=\/wp\/v2\/pages\/10","targetHints":{"allow":["GET"]}}],"collection":[{"href":"https:\/\/rheconcept.com\/index.php?rest_route=\/wp\/v2\/pages"}],"about":[{"href":"https:\/\/rheconcept.com\/index.php?rest_route=\/wp\/v2\/types\/page"}],"author":[{"embeddable":true,"href":"https:\/\/rheconcept.com\/index.php?rest_route=\/wp\/v2\/users\/1"}],"replies":[{"embeddable":true,"href":"https:\/\/rheconcept.com\/index.php?rest_route=%2Fwp%2Fv2%2Fcomments&post=10"}],"version-history":[{"count":27,"href":"https:\/\/rheconcept.com\/index.php?rest_route=\/wp\/v2\/pages\/10\/revisions"}],"predecessor-version":[{"id":3810,"href":"https:\/\/rheconcept.com\/index.php?rest_route=\/wp\/v2\/pages\/10\/revisions\/3810"}],"wp:featuredmedia":[{"embeddable":true,"href":"https:\/\/rheconcept.com\/index.php?rest_route=\/wp\/v2\/media\/243"}],"wp:attachment":[{"href":"https:\/\/rheconcept.com\/index.php?rest_route=%2Fwp%2Fv2%2Fmedia&parent=10"}],"curies":[{"name":"wp","href":"https:\/\/api.w.org\/{rel}","templated":true}]}}